{"id":45,"date":"2022-06-22T13:03:05","date_gmt":"2022-06-22T11:03:05","guid":{"rendered":"https:\/\/www.construction-maconnerie.com\/?page_id=45"},"modified":"2023-07-31T15:44:24","modified_gmt":"2023-07-31T13:44:24","slug":"nettoyage-toiture","status":"publish","type":"page","link":"https:\/\/www.adfacade34.fr\/facadier\/nettoyage-toiture\/","title":{"rendered":"Nettoyage Toiture"},"content":{"rendered":"<p>[vc_row css=\u00a0\u00bb.vc_custom_1690552631003{background-position: center !important;background-repeat: no-repeat !important;background-size: cover !important;}\u00a0\u00bb el_class=\u00a0\u00bbombre_interne\u00a0\u00bb][vc_column][vc_row_inner][vc_column_inner width=\u00a0\u00bb1\/4&Prime;][vc_single_image image=\u00a0\u00bb432&Prime; alignment=\u00a0\u00bbcenter\u00a0\u00bb style=\u00a0\u00bbvc_box_shadow_border_circle_2&Prime;]\n\t<div class=\"bauer-spacer clearfix\" data-desktop=\"45\" data-mobi=\"30\" data-smobi=\"30\"><\/div>[\/vc_column_inner][vc_column_inner width=\u00a0\u00bb3\/4&Prime;]<h2 class=\"bauer-text clearfix \" style=\"font-size:30px;line-height:30px;color:#ff0000;margin-bottom:30px;\"><p><span class=\"font-weight-300\">Tout ce que vous devez savoir sur le nettoyage de toiture, l&rsquo;hydrofuge et l&rsquo;imperm\u00e9abilisation<\/span><\/p>\n<\/h2><div class=\"bauer-text clearfix \" style=\"\"><p>Le nettoyage de toiture est une t\u00e2che essentielle pour maintenir l&rsquo;apparence et la durabilit\u00e9 de votre toit. Dans cet article, nous vous pr\u00e9senterons les meilleures pratiques pour le nettoyage de toiture dans le d\u00e9partement 34, ainsi que des informations sur l&rsquo;hydrofuge de toiture et l&rsquo;imperm\u00e9abilisation. Nous r\u00e9pondrons \u00e9galement aux questions fr\u00e9quemment pos\u00e9es sur ces sujets.<\/p>\n<\/div>\n\t<div class=\"bauer-spacer clearfix\" data-desktop=\"45\" data-mobi=\"30\" data-smobi=\"30\"><\/div><div class=\"button-wrap icon-right\" style=\"\" ><a href=\"https:\/\/www.adfacade34.fr\/facadier\/demande-de-devis\/\" target=\"_self\" class=\"bauer-button btn-1683010174 medium no_icon custom outline solid custom\" style=\"border-width:1px;\"  data-background=\"\" data-border=\"#ff0000\" data-text=\"#020000\" data-text-hover=\"#ff0000\" data-border-hover=\"#000000\">\n\t\t<span style=\"\">DEMANDER UN DEVIS GRATUIT <\/span>\n\t<\/a><\/div>[\/vc_column_inner][\/vc_row_inner]\n\t<div class=\"bauer-spacer clearfix\" data-desktop=\"45\" data-mobi=\"30\" data-smobi=\"30\"><\/div>[vc_row_inner][vc_column_inner width=\u00a0\u00bb1\/2&Prime;]<h2 class=\"bauer-text clearfix \" style=\"font-size:20px;line-height:20px;color:#ff0000;margin-bottom:30px;max-width:700px;\"><p><span class=\"font-weight-300\">Nettoyage de toiture dans le d\u00e9partement 34 :<\/span><\/p>\n<\/h2>[vc_column_text]Le nettoyage de toiture est crucial pour \u00e9liminer les salet\u00e9s, les mousses et les champignons qui s&rsquo;accumulent au fil du temps. <strong>Dans le d\u00e9partement 34<\/strong>, il existe plusieurs entreprises sp\u00e9cialis\u00e9es dans le nettoyage de toiture qui peuvent vous aider \u00e0 maintenir votre toit en bon \u00e9tat. Lors du nettoyage, assurez-vous d&rsquo;utiliser des produits adapt\u00e9s et de suivre les bonnes techniques pour \u00e9viter d&rsquo;endommager votre toiture.[\/vc_column_text]\n\t<div class=\"bauer-spacer clearfix\" data-desktop=\"0\" data-mobi=\"0\" data-smobi=\"30\"><\/div>[\/vc_column_inner][vc_column_inner width=\u00a0\u00bb1\/2&Prime;]<h2 class=\"bauer-text clearfix \" style=\"font-size:20px;line-height:20px;color:#ff0000;margin-bottom:30px;max-width:700px;\"><p><span class=\"font-weight-300\">Comment r\u00e9aliser un nettoyage de toiture efficace :<\/span><\/p>\n<\/h2>[vc_column_text]Pour un nettoyage de toiture efficace, il est important de suivre les \u00e9tapes appropri\u00e9es. Tout d&rsquo;abord, commencez par enlever les d\u00e9bris tels que les feuilles et les branches. Ensuite, utilisez un nettoyeur \u00e0 haute pression ou une solution de nettoyage sp\u00e9cifique pour \u00e9liminer les salet\u00e9s incrust\u00e9es. N&rsquo;oubliez pas de porter des \u00e9quipements de protection et de prendre les mesures de s\u00e9curit\u00e9 n\u00e9cessaires.[\/vc_column_text][\/vc_column_inner][\/vc_row_inner][\/vc_column][\/vc_row][vc_row row_content_position=\u00a0\u00bbmiddle\u00a0\u00bb row_equal_height=\u00a0\u00bbyes\u00a0\u00bb css=\u00a0\u00bb.vc_custom_1690553452428{background-color: #efefef !important;background-position: center !important;background-repeat: no-repeat !important;background-size: cover !important;}\u00a0\u00bb el_class=\u00a0\u00bbimagefixe\u00a0\u00bb][vc_column width=\u00a0\u00bb2\/3&Prime;]<h2 class=\"bauer-text clearfix \" style=\"font-size:38px;line-height:40px;color:#020202;margin-bottom:30px;max-width:700px;\"><p><span class=\"font-weight-300\">L&rsquo;hydrofuge de toiture :<br \/>\n<\/span><\/p>\n<\/h2>[vc_column_text]L&rsquo;hydrofuge de toiture est un traitement qui permet de prot\u00e9ger votre toit contre l&rsquo;humidit\u00e9, les infiltrations et les mousses. Il forme une barri\u00e8re imperm\u00e9able qui prolonge la dur\u00e9e de vie de votre toiture. L&rsquo;application de l&rsquo;hydrofuge doit \u00eatre effectu\u00e9e par des professionnels qualifi\u00e9s pour garantir son efficacit\u00e9.[\/vc_column_text]\n\t<div class=\"bauer-spacer clearfix\" data-desktop=\"45\" data-mobi=\"30\" data-smobi=\"30\"><\/div><h2 class=\"bauer-text clearfix \" style=\"font-size:38px;line-height:40px;color:#000000;margin-bottom:30px;max-width:700px;\"><p><span class=\"font-weight-300\">L&rsquo;imperm\u00e9abilisation de toiture :<br \/>\n<\/span><\/p>\n<\/h2>[vc_column_text]L&rsquo;imperm\u00e9abilisation de toiture est une solution id\u00e9ale pour pr\u00e9venir les fuites et les probl\u00e8mes d&rsquo;infiltration d&rsquo;eau. Elle consiste \u00e0 appliquer un rev\u00eatement protecteur sur votre toit pour le rendre \u00e9tanche. L&rsquo;imperm\u00e9abilisation peut \u00eatre r\u00e9alis\u00e9e sur diff\u00e9rents types de toitures, y compris les toits plats et en pente.[\/vc_column_text][\/vc_column][vc_column width=\u00a0\u00bb1\/3&Prime;][vc_single_image image=\u00a0\u00bb434&Prime; alignment=\u00a0\u00bbcenter\u00a0\u00bb style=\u00a0\u00bbvc_box_shadow_border_circle_2&Prime;][\/vc_column][\/vc_row][vc_row el_class=\u00a0\u00bbombre_interne\u00a0\u00bb][vc_column]<h2 class=\"bauer-text clearfix \" style=\"font-size:38px;line-height:40px;color:#000000;margin-bottom:30px;\"><p><span class=\"font-weight-300\">FAQ (Foire aux questions) :<br \/>\n<\/span><\/p>\n<\/h2>\n\t<div class=\"bauer-spacer clearfix\" data-desktop=\"45\" data-mobi=\"30\" data-smobi=\"30\"><\/div>[vc_tta_accordion color=\u00a0\u00bbblack\u00a0\u00bb active_section=\u00a0\u00bb1&Prime;][vc_tta_section title=\u00a0\u00bbQuand dois-je faire nettoyer ma toiture ?\u00a0\u00bb tab_id=\u00a0\u00bb1690538787572-888876f5-ea58&Prime;][vc_column_text]Il est recommand\u00e9 de nettoyer votre toiture au moins une fois par an, de pr\u00e9f\u00e9rence au printemps ou \u00e0 l&rsquo;automne. Cependant, si vous remarquez des taches, des mousses ou des d\u00e9bris, il est pr\u00e9f\u00e9rable de faire nettoyer votre toiture d\u00e8s que possible.[\/vc_column_text][\/vc_tta_section][vc_tta_section title=\u00a0\u00bbEst-il possible de nettoyer ma toiture moi-m\u00eame ?\u00a0\u00bb tab_id=\u00a0\u00bb1690538787580-589505f5-b350&Prime;][vc_column_text]Bien que le nettoyage de toiture puisse \u00eatre effectu\u00e9 par des particuliers, il est pr\u00e9f\u00e9rable de faire appel \u00e0 des professionnels. Ils disposent des \u00e9quipements appropri\u00e9s, des produits adapt\u00e9s et de l&rsquo;exp\u00e9rience n\u00e9cessaire pour r\u00e9aliser un nettoyage efficace et s\u00e9curis\u00e9.[\/vc_column_text][\/vc_tta_section][vc_tta_section title=\u00a0\u00bbCombien co\u00fbte l&rsquo;hydrofuge de toiture ?\u00a0\u00bb tab_id=\u00a0\u00bb1690538941524-13f80bc8-5bbb\u00a0\u00bb][vc_column_text]Les co\u00fbts de l&rsquo;hydrofuge de toiture peuvent varier en fonction de la taille de la toiture, de son \u00e9tat et du type de produit utilis\u00e9. Il est recommand\u00e9 de demander des devis \u00e0 plusieurs entreprises sp\u00e9cialis\u00e9es pour comparer les prix.<br \/>\n[\/vc_column_text][\/vc_tta_section][\/vc_tta_accordion]\n\t<div class=\"bauer-spacer clearfix\" data-desktop=\"45\" data-mobi=\"30\" data-smobi=\"30\"><\/div>[vc_column_text]Le nettoyage de toiture, l&rsquo;hydrofuge et l&rsquo;imperm\u00e9abilisation sont des \u00e9tapes importantes pour maintenir la qualit\u00e9 et la long\u00e9vit\u00e9 de votre toit. En suivant les bonnes pratiques et en faisant appel \u00e0 des professionnels qualifi\u00e9s, vous pouvez assurer la protection de votre toiture contre les dommages caus\u00e9s par l&rsquo;humidit\u00e9, les salet\u00e9s et les mousses. N&rsquo;h\u00e9sitez pas \u00e0 contacter des experts dans le d\u00e9partement 34 pour obtenir des conseils personnalis\u00e9s et des services de qualit\u00e9.[\/vc_column_text][vc_single_image image=\u00a0\u00bb444&Prime; alignment=\u00a0\u00bbcenter\u00a0\u00bb style=\u00a0\u00bbvc_box_shadow_border\u00a0\u00bb][\/vc_column][\/vc_row][vc_row css=\u00a0\u00bb.vc_custom_1690553606542{padding-top: 40px !important;padding-bottom: 40px !important;background-color: #efefef !important;}\u00a0\u00bb][vc_column width=\u00a0\u00bb1\/2&Prime;][vc_custom_heading text=\u00a0\u00bbDemande de devis\u00a0\u00bb font_container=\u00a0\u00bbtag:h3|text_align:left|color:%23ff0000&Prime; use_theme_fonts=\u00a0\u00bbyes\u00a0\u00bb]<div role=\"form\" class=\"wpcf7\" id=\"wpcf7-f91-o1\" lang=\"fr-FR\" dir=\"ltr\">\n<div class=\"screen-reader-response\"><p role=\"status\" aria-live=\"polite\" aria-atomic=\"true\"><\/p> <ul><\/ul><\/div>\n<form action=\"\/facadier\/wp-json\/wp\/v2\/pages\/45#wpcf7-f91-o1\" method=\"post\" class=\"wpcf7-form init\" novalidate=\"novalidate\" data-status=\"init\">\n<div style=\"display: none;\">\n<input type=\"hidden\" name=\"_wpcf7\" value=\"91\" \/>\n<input type=\"hidden\" name=\"_wpcf7_version\" value=\"5.5.6.1\" \/>\n<input type=\"hidden\" name=\"_wpcf7_locale\" value=\"fr_FR\" \/>\n<input type=\"hidden\" name=\"_wpcf7_unit_tag\" value=\"wpcf7-f91-o1\" \/>\n<input type=\"hidden\" name=\"_wpcf7_container_post\" value=\"0\" \/>\n<input type=\"hidden\" name=\"_wpcf7_posted_data_hash\" value=\"\" \/>\n<\/div>\n<div class=\"uacf7-form-91\"><span class=\"wpcf7-form-control-wrap nom-prenom\"><input type=\"text\" name=\"nom-prenom\" value=\"\" size=\"40\" class=\"wpcf7-form-control wpcf7-text wpcf7-validates-as-required\" aria-required=\"true\" aria-invalid=\"false\" placeholder=\"Nom \/ Pr\u00e9nom\" \/><\/span><\/p>\n<p><span class=\"wpcf7-form-control-wrap tel\"><input type=\"text\" name=\"tel\" value=\"\" size=\"40\" class=\"wpcf7-form-control wpcf7-text wpcf7-validates-as-required\" aria-required=\"true\" aria-invalid=\"false\" placeholder=\"T\u00e9l\u00e9phone\" \/><\/span><\/p>\n<p><span class=\"wpcf7-form-control-wrap votre-email\"><input type=\"email\" name=\"votre-email\" value=\"\" size=\"40\" class=\"wpcf7-form-control wpcf7-text wpcf7-email wpcf7-validates-as-required wpcf7-validates-as-email\" aria-required=\"true\" aria-invalid=\"false\" placeholder=\"Adresse e-mail\" \/><\/span><\/p>\n<p><span class=\"wpcf7-form-control-wrap votre-message\"><textarea name=\"votre-message\" cols=\"40\" rows=\"2\" class=\"wpcf7-form-control wpcf7-textarea\" aria-invalid=\"false\" placeholder=\"Expliquez-nous votre demande\"><\/textarea><\/span><\/p>\n<p><span class=\"wpcf7-form-control-wrap accepte\"><span class=\"wpcf7-form-control wpcf7-checkbox wpcf7-validates-as-required accepte\"><span class=\"wpcf7-list-item first last\"><input type=\"checkbox\" name=\"accepte[]\" value=\"En soumettant ce formulaire, j&#039;accepte que les informations saisies dans ce formulaire soient utilis\u00e9es, exploit\u00e9es, trait\u00e9es pour permettre de me recontacter dans le cadre de la relation commerciale qui d\u00e9coule de cette prise de contact.*\" \/><span class=\"wpcf7-list-item-label\">En soumettant ce formulaire, j&#039;accepte que les informations saisies dans ce formulaire soient utilis\u00e9es, exploit\u00e9es, trait\u00e9es pour permettre de me recontacter dans le cadre de la relation commerciale qui d\u00e9coule de cette prise de contact.*<\/span><\/span><\/span><\/span><\/p>\n<div id=\"cf7sr-69f4fac7a5a51\" class=\"cf7sr-g-recaptcha\" data-sitekey=\"6LegHz4nAAAAAME0O_tNGWw785S25e1eOxJIt63u\"><\/div><span class=\"wpcf7-form-control-wrap cf7sr-recaptcha\"><input type=\"hidden\" name=\"cf7sr-recaptcha\" value=\"\" class=\"wpcf7-form-control\"><\/span><\/p>\n<p><input type=\"submit\" value=\"Envoyer\" class=\"wpcf7-form-control has-spinner wpcf7-submit\" \/><\/p><\/div>\n<div class=\"wpcf7-response-output\" aria-hidden=\"true\"><\/div><\/form><\/div>\n\t<div class=\"bauer-spacer clearfix\" data-desktop=\"0\" data-mobi=\"0\" data-smobi=\"30\"><\/div>[\/vc_column][vc_column width=\u00a0\u00bb1\/2&Prime;]<div class=\"bauer-content-box clearfix \" data-padding=\"0% 0% 0% 16%\" data-mobipadding=\"0% 0% 0% 0%\" data-margin=\"\" data-mobimargin=\"\" >\n\t\t<div class=\"inner ctb-723864213\" style=\"\"  data-background=\"\">\n\t\t\t\n\t<div class=\"bauer-spacer clearfix\" data-desktop=\"28\" data-mobi=\"28\" data-smobi=\"28\"><\/div><div class=\"bauer-icon-list clearfix style-1\"><div class=\"icon-list-wrap\"><div class=\"line\" style=\"border-width:1px;border-color:0;left:40px;\"><\/div><div class=\"icon-list-item\" style=\"margin-bottom:70px;\"><div class=\"bauer-icon icon-1061072354\" data-icon=\"#ffffff\" data-background=\"#ff0000\"><span class=\"icon\" style=\"font-size:30px;width:80px;border-style:solid;height:80px;border-radius:40px;line-height:80px;\"><i class=\"elegant-icon_document_alt\"><\/i><\/span><\/div><div class=\"text-item\" style=\"min-height:80px;\"><h3 class=\"heading\" style=\"color:#000000;margin:0px 0px 7px 100px;\">Demande de devis<\/h3><div class=\"desc\" style=\"color:#000000;margin:0px 0px 7px 100px;\">Contactez-nous pour avoir un devis sur-mesure<\/div><\/div><\/div><div class=\"icon-list-item\" style=\"margin-bottom:70px;\"><div class=\"bauer-icon icon-895603728\" data-icon=\"#ffffff\" data-background=\"#ff0000\"><span class=\"icon\" style=\"font-size:30px;width:80px;border-style:solid;height:80px;border-radius:40px;line-height:80px;\"><i class=\"elegant-icon_like\"><\/i><\/span><\/div><div class=\"text-item\" style=\"min-height:80px;\"><h3 class=\"heading\" style=\"color:#000000;margin:0px 0px 7px 100px;\">Nous \u00e9tudions votre demande<\/h3><div class=\"desc\" style=\"color:#000000;margin:0px 0px 7px 100px;\">D\u00e9couvrez notre expertise en nettoyage de toiture et ravalement de fa\u00e7ades. Nous analysons votre projet avec pr\u00e9cision pour des prestations sur mesure et impeccables.<\/div><\/div><\/div><div class=\"icon-list-item\" style=\"\"><div class=\"bauer-icon icon-53873834\" data-icon=\"#ffffff\" data-background=\"#ff0000\"><span class=\"icon\" style=\"font-size:30px;width:80px;border-style:solid;height:80px;border-radius:40px;line-height:80px;\"><i class=\"elegant-icon_pin_alt\"><\/i><\/span><\/div><div class=\"text-item\" style=\"min-height:80px;\"><h3 class=\"heading\" style=\"color:#000000;margin:0px 0px 7px 100px;\">Dans l'H\u00e9rault 34<\/h3><div class=\"desc\" style=\"color:#000000;margin:0px 0px 7px 100px;\">Contactez AD Fa\u00e7ade 34 pour un devis gratuit dans l'H\u00e9rault 34 \u00e0 Montpellier<\/div><\/div><\/div><\/div><\/div>\n\t<div class=\"bauer-spacer clearfix\" data-desktop=\"90\" data-mobi=\"60\" data-smobi=\"60\"><\/div>\n\t\t<\/div>\n\t<\/div>[\/vc_column][\/vc_row]<\/p>\n","protected":false},"excerpt":{"rendered":"<p>[vc_row css=\u00a0\u00bb.vc_custom_1690552631003{background-position: center !important;background-repeat: no-repeat !important;background-size: cover !important;}\u00a0\u00bb el_class=\u00a0\u00bbombre_interne\u00a0\u00bb][vc_column][vc_row_inner][vc_column_inner width=\u00a0\u00bb1\/4&Prime;][vc_single_image image=\u00a0\u00bb432&Prime; alignment=\u00a0\u00bbcenter\u00a0\u00bb style=\u00a0\u00bbvc_box_shadow_border_circle_2&Prime;][\/vc_column_inner][vc_column_inner width=\u00a0\u00bb3\/4&Prime;][\/vc_column_inner][\/vc_row_inner][vc_row_inner][vc_column_inner width=\u00a0\u00bb1\/2&Prime;][vc_column_text]Le nettoyage de toiture est crucial pour \u00e9liminer les salet\u00e9s, les mousses et les champignons qui s&rsquo;accumulent au fil du temps. Dans le d\u00e9partement 34, il existe plusieurs entreprises sp\u00e9cialis\u00e9es dans le nettoyage de toiture qui<\/p>\n","protected":false},"author":1,"featured_media":0,"parent":0,"menu_order":0,"comment_status":"closed","ping_status":"closed","template":"","meta":[],"_links":{"self":[{"href":"https:\/\/www.adfacade34.fr\/facadier\/wp-json\/wp\/v2\/pages\/45"}],"collection":[{"href":"https:\/\/www.adfacade34.fr\/facadier\/wp-json\/wp\/v2\/pages"}],"about":[{"href":"https:\/\/www.adfacade34.fr\/facadier\/wp-json\/wp\/v2\/types\/page"}],"author":[{"embeddable":true,"href":"https:\/\/www.adfacade34.fr\/facadier\/wp-json\/wp\/v2\/users\/1"}],"replies":[{"embeddable":true,"href":"https:\/\/www.adfacade34.fr\/facadier\/wp-json\/wp\/v2\/comments?post=45"}],"version-history":[{"count":35,"href":"https:\/\/www.adfacade34.fr\/facadier\/wp-json\/wp\/v2\/pages\/45\/revisions"}],"predecessor-version":[{"id":542,"href":"https:\/\/www.adfacade34.fr\/facadier\/wp-json\/wp\/v2\/pages\/45\/revisions\/542"}],"wp:attachment":[{"href":"https:\/\/www.adfacade34.fr\/facadier\/wp-json\/wp\/v2\/media?parent=45"}],"curies":[{"name":"wp","href":"https:\/\/api.w.org\/{rel}","templated":true}]}}