{"id":419,"date":"2023-07-28T11:38:55","date_gmt":"2023-07-28T09:38:55","guid":{"rendered":"https:\/\/www.adfacade34.fr\/facadier\/?page_id=419"},"modified":"2023-07-31T19:27:00","modified_gmt":"2023-07-31T17:27:00","slug":"nettoyage-facade","status":"publish","type":"page","link":"https:\/\/www.adfacade34.fr\/facadier\/nettoyage-facade\/","title":{"rendered":"Nettoyage Fa\u00e7ade"},"content":{"rendered":"<p>[vc_row fullwidth=\u00a0\u00bbyes\u00a0\u00bb css=\u00a0\u00bb.vc_custom_1690547426706{background-color: #ff0000 !important;}\u00a0\u00bb][vc_column]<h2 class=\"bauer-text clearfix text-center\" style=\"font-size:38px;line-height:40px;color:#ffffff;\"><p style=\"text-align: center;\">AD Fa\u00e7ade 34 prot\u00e8ge votre habitation au meilleur tarif : -10 % en P\u00e9riode \u00e9t\u00e9<\/p>\n<\/h2>[\/vc_column][\/vc_row][vc_row row_content_position=\u00a0\u00bbmiddle\u00a0\u00bb row_equal_height=\u00a0\u00bbyes\u00a0\u00bb css=\u00a0\u00bb.vc_custom_1690553452428{background-color: #efefef !important;background-position: center !important;background-repeat: no-repeat !important;background-size: cover !important;}\u00a0\u00bb el_class=\u00a0\u00bbimagefixe\u00a0\u00bb][vc_column width=\u00a0\u00bb2\/3&Prime;]<h2 class=\"bauer-text clearfix \" style=\"font-size:28px;line-height:28px;color:#020202;margin-bottom:30px;\"><p><span class=\"font-weight-300\">Guide complet du nettoyage de fa\u00e7ade \u00e0 Montpellier : Sp\u00e9cialistes professionnels et hydrofuge<br \/>\n<\/span><\/p>\n<\/h2>[vc_column_text]Dans cet article, nous explorerons le monde du <strong>nettoyage de fa\u00e7ade \u00e0 Montpellier<\/strong>. Que vous soyez \u00e0 la recherche d&rsquo;un sp\u00e9cialiste professionnel pour redonner vie \u00e0 votre fa\u00e7ade ou que vous souhaitiez en apprendre davantage sur<strong> l&rsquo;hydrofugation des fa\u00e7ades<\/strong>, vous trouverez ici toutes les informations n\u00e9cessaires. Nous aborderons les techniques de nettoyage les plus efficaces, les avantages de faire appel \u00e0 des experts, et nous r\u00e9pondrons \u00e9galement aux questions fr\u00e9quemment pos\u00e9es pour vous guider dans votre projet de nettoyage de fa\u00e7ade.[\/vc_column_text][\/vc_column][vc_column width=\u00a0\u00bb1\/3&Prime;][vc_single_image image=\u00a0\u00bb505&Prime; alignment=\u00a0\u00bbcenter\u00a0\u00bb style=\u00a0\u00bbvc_box_shadow_border_circle_2&Prime;][\/vc_column][\/vc_row][vc_row css=\u00a0\u00bb.vc_custom_1690552631003{background-position: center !important;background-repeat: no-repeat !important;background-size: cover !important;}\u00a0\u00bb el_class=\u00a0\u00bbombre_interne\u00a0\u00bb][vc_column][vc_row_inner][vc_column_inner]<h2 class=\"bauer-text clearfix \" style=\"font-size:30px;line-height:30px;color:#ff0000;margin-bottom:30px;\"><p><span class=\"font-weight-300\">Nettoyage de fa\u00e7ade \u00e0 Montpellier : Techniques et sp\u00e9cialistes<\/span><\/p>\n<\/h2><div class=\"bauer-text clearfix \" style=\"\"><ul>\n<li>Les diff\u00e9rentes techniques de nettoyage de fa\u00e7ade : gommage, sablage, nettoyage \u00e0 haute pression, etc.<\/li>\n<li>L&rsquo;importance de faire appel \u00e0 un sp\u00e9cialiste professionnel pour un nettoyage efficace et s\u00e9curis\u00e9.<\/li>\n<li>Les crit\u00e8res \u00e0 prendre en compte lors du choix d&rsquo;un sp\u00e9cialiste du nettoyage de fa\u00e7ade \u00e0 Montpellier.<\/li>\n<li>Les garanties et certifications \u00e0 rechercher pour s&rsquo;assurer de la qualit\u00e9 du se<\/li>\n<\/ul>\n<\/div>[vc_empty_space]<h2 class=\"bauer-text clearfix \" style=\"font-size:30px;line-height:30px;color:#ff0000;margin-bottom:30px;\"><p><span class=\"font-weight-300\">L&rsquo;hydrofugation de fa\u00e7ade : Prot\u00e9ger et embellir <\/span><\/p>\n<\/h2><div class=\"bauer-text clearfix \" style=\"\"><ul>\n<li>Qu&rsquo;est-ce que l&rsquo;hydrofugation de fa\u00e7ade et pourquoi est-elle importante ?<\/li>\n<li>Les avantages de l&rsquo;hydrofugation : imperm\u00e9abilisation, pr\u00e9vention des infiltrations d&rsquo;eau, protection contre les moisissures et les d\u00e9gradations.<\/li>\n<li>Comment choisir le bon hydrofuge pour votre fa\u00e7ade ?<\/li>\n<li>Les \u00e9tapes du processus d&rsquo;hydrofugation et les pr\u00e9cautions \u00e0 prendre.<\/li>\n<\/ul>\n<\/div>[\/vc_column_inner][\/vc_row_inner][\/vc_column][\/vc_row][vc_row][vc_column]<h2 class=\"bauer-text clearfix \" style=\"font-size:38px;line-height:40px;color:#000000;margin-bottom:30px;\"><p><span class=\"font-weight-300\">R\u00e9ponses aux questions fr\u00e9quemment pos\u00e9es :<br \/>\n<\/span><\/p>\n<\/h2>\n\t<div class=\"bauer-spacer clearfix\" data-desktop=\"45\" data-mobi=\"30\" data-smobi=\"30\"><\/div>[vc_tta_accordion color=\u00a0\u00bbblack\u00a0\u00bb active_section=\u00a0\u00bb1&Prime;][vc_tta_section title=\u00a0\u00bbQuel est le co\u00fbt moyen d&rsquo;un nettoyage de fa\u00e7ade \u00e0 Montpellier ?\u00a0\u00bb tab_id=\u00a0\u00bb1690538787572-888876f5-ea58&Prime;][vc_column_text]En cours[\/vc_column_text][\/vc_tta_section][vc_tta_section title=\u00a0\u00bbCombien de temps faut-il pour nettoyer une fa\u00e7ade ?\u00a0\u00bb tab_id=\u00a0\u00bb1690729826035-5d1d7a29-53a0&Prime;][vc_column_text]En cours[\/vc_column_text][\/vc_tta_section][vc_tta_section title=\u00a0\u00bbEst-il n\u00e9cessaire de faire appel \u00e0 un professionnel pour nettoyer ma fa\u00e7ade ?\u00a0\u00bb tab_id=\u00a0\u00bb1690729840090-047c7e95-5b43&Prime;][vc_column_text]En cours[\/vc_column_text][\/vc_tta_section][vc_tta_section title=\u00a0\u00bbComment entretenir ma fa\u00e7ade apr\u00e8s un nettoyage professionnel ?\u00a0\u00bb tab_id=\u00a0\u00bb1690729847077-0c573a85-7efd\u00a0\u00bb][vc_column_text]En cours[\/vc_column_text][\/vc_tta_section][vc_tta_section title=\u00a0\u00bb\u00c0 quelle fr\u00e9quence devrais-je faire nettoyer ma fa\u00e7ade ?\u00a0\u00bb tab_id=\u00a0\u00bb1690729859278-fed3ab59-e26c\u00a0\u00bb][vc_column_text]En cours[\/vc_column_text][\/vc_tta_section][vc_tta_section title=\u00a0\u00bbL&rsquo;hydrofugation de fa\u00e7ade est-elle \u00e9cologique ?\u00a0\u00bb tab_id=\u00a0\u00bb1690729871428-420a0cd1-28fb\u00a0\u00bb][vc_column_text]En cours[\/vc_column_text][\/vc_tta_section][vc_tta_section title=\u00a0\u00bbPuis-je effectuer moi-m\u00eame l&rsquo;hydrofugation de ma fa\u00e7ade ?\u00a0\u00bb tab_id=\u00a0\u00bb1690729882512-dc74ee99-2482&Prime;][vc_column_text]En cours[\/vc_column_text][\/vc_tta_section][vc_tta_section title=\u00a0\u00bbQuelle est la dur\u00e9e de vie d&rsquo;un traitement hydrofuge sur une fa\u00e7ade ?\u00a0\u00bb tab_id=\u00a0\u00bb1690729888005-6644dfe2-4df9&Prime;][vc_column_text]En cours[\/vc_column_text][\/vc_tta_section][\/vc_tta_accordion]\n\t<div class=\"bauer-spacer clearfix\" data-desktop=\"45\" data-mobi=\"30\" data-smobi=\"30\"><\/div>[vc_column_text]<strong>Le nettoyage de fa\u00e7ade est essentiel<\/strong> pour pr\u00e9server l&rsquo;apparence et la durabilit\u00e9 de votre b\u00e2timent \u00e0 Montpellier. Faire appel \u00e0 des sp\u00e9cialistes professionnels vous garantit un travail de qualit\u00e9 et des r\u00e9sultats durables.<\/p>\n<p><strong>L&rsquo;hydrofugation de fa\u00e7ade<\/strong> offre une protection suppl\u00e9mentaire contre les intemp\u00e9ries et les dommages futurs.<\/p>\n<p><a href=\"https:\/\/www.adfacade34.fr\/facadier\/nous-contacter\/\">N&rsquo;h\u00e9sitez pas \u00e0 contacter les experts du nettoyage de fa\u00e7ade \u00e0 Montpellier<\/a> pour obtenir des conseils personnalis\u00e9s et des services adapt\u00e9s \u00e0 vos besoins. Maintenez votre fa\u00e7ade propre, belle et prot\u00e9g\u00e9e gr\u00e2ce \u00e0 un nettoyage professionnel r\u00e9gulier et \u00e0 l&rsquo;hydrofugation appropri\u00e9e.[\/vc_column_text][\/vc_column][\/vc_row][vc_row css=\u00a0\u00bb.vc_custom_1690553606542{padding-top: 40px !important;padding-bottom: 40px !important;background-color: #efefef !important;}\u00a0\u00bb][vc_column width=\u00a0\u00bb1\/2&Prime;][vc_custom_heading text=\u00a0\u00bbDemande de devis\u00a0\u00bb font_container=\u00a0\u00bbtag:h3|text_align:left|color:%23ff0000&Prime; use_theme_fonts=\u00a0\u00bbyes\u00a0\u00bb]<div role=\"form\" class=\"wpcf7\" id=\"wpcf7-f91-o1\" lang=\"fr-FR\" dir=\"ltr\">\n<div class=\"screen-reader-response\"><p role=\"status\" aria-live=\"polite\" aria-atomic=\"true\"><\/p> <ul><\/ul><\/div>\n<form action=\"\/facadier\/wp-json\/wp\/v2\/pages\/419#wpcf7-f91-o1\" method=\"post\" class=\"wpcf7-form init\" novalidate=\"novalidate\" data-status=\"init\">\n<div style=\"display: none;\">\n<input type=\"hidden\" name=\"_wpcf7\" value=\"91\" \/>\n<input type=\"hidden\" name=\"_wpcf7_version\" value=\"5.5.6.1\" \/>\n<input type=\"hidden\" name=\"_wpcf7_locale\" value=\"fr_FR\" \/>\n<input type=\"hidden\" name=\"_wpcf7_unit_tag\" value=\"wpcf7-f91-o1\" \/>\n<input type=\"hidden\" name=\"_wpcf7_container_post\" value=\"0\" \/>\n<input type=\"hidden\" name=\"_wpcf7_posted_data_hash\" value=\"\" \/>\n<\/div>\n<div class=\"uacf7-form-91\"><span class=\"wpcf7-form-control-wrap nom-prenom\"><input type=\"text\" name=\"nom-prenom\" value=\"\" size=\"40\" class=\"wpcf7-form-control wpcf7-text wpcf7-validates-as-required\" aria-required=\"true\" aria-invalid=\"false\" placeholder=\"Nom \/ Pr\u00e9nom\" \/><\/span><\/p>\n<p><span class=\"wpcf7-form-control-wrap tel\"><input type=\"text\" name=\"tel\" value=\"\" size=\"40\" class=\"wpcf7-form-control wpcf7-text wpcf7-validates-as-required\" aria-required=\"true\" aria-invalid=\"false\" placeholder=\"T\u00e9l\u00e9phone\" \/><\/span><\/p>\n<p><span class=\"wpcf7-form-control-wrap votre-email\"><input type=\"email\" name=\"votre-email\" value=\"\" size=\"40\" class=\"wpcf7-form-control wpcf7-text wpcf7-email wpcf7-validates-as-required wpcf7-validates-as-email\" aria-required=\"true\" aria-invalid=\"false\" placeholder=\"Adresse e-mail\" \/><\/span><\/p>\n<p><span class=\"wpcf7-form-control-wrap votre-message\"><textarea name=\"votre-message\" cols=\"40\" rows=\"2\" class=\"wpcf7-form-control wpcf7-textarea\" aria-invalid=\"false\" placeholder=\"Expliquez-nous votre demande\"><\/textarea><\/span><\/p>\n<p><span class=\"wpcf7-form-control-wrap accepte\"><span class=\"wpcf7-form-control wpcf7-checkbox wpcf7-validates-as-required accepte\"><span class=\"wpcf7-list-item first last\"><input type=\"checkbox\" name=\"accepte[]\" value=\"En soumettant ce formulaire, j&#039;accepte que les informations saisies dans ce formulaire soient utilis\u00e9es, exploit\u00e9es, trait\u00e9es pour permettre de me recontacter dans le cadre de la relation commerciale qui d\u00e9coule de cette prise de contact.*\" \/><span class=\"wpcf7-list-item-label\">En soumettant ce formulaire, j&#039;accepte que les informations saisies dans ce formulaire soient utilis\u00e9es, exploit\u00e9es, trait\u00e9es pour permettre de me recontacter dans le cadre de la relation commerciale qui d\u00e9coule de cette prise de contact.*<\/span><\/span><\/span><\/span><\/p>\n<div id=\"cf7sr-6a0557885411b\" class=\"cf7sr-g-recaptcha\" data-sitekey=\"6LegHz4nAAAAAME0O_tNGWw785S25e1eOxJIt63u\"><\/div><span class=\"wpcf7-form-control-wrap cf7sr-recaptcha\"><input type=\"hidden\" name=\"cf7sr-recaptcha\" value=\"\" class=\"wpcf7-form-control\"><\/span><\/p>\n<p><input type=\"submit\" value=\"Envoyer\" class=\"wpcf7-form-control has-spinner wpcf7-submit\" \/><\/p><\/div>\n<div class=\"wpcf7-response-output\" aria-hidden=\"true\"><\/div><\/form><\/div>\n\t<div class=\"bauer-spacer clearfix\" data-desktop=\"0\" data-mobi=\"0\" data-smobi=\"30\"><\/div>[\/vc_column][vc_column width=\u00a0\u00bb1\/2&Prime;]<div class=\"bauer-content-box clearfix \" data-padding=\"0% 0% 0% 16%\" data-mobipadding=\"0% 0% 0% 0%\" data-margin=\"\" data-mobimargin=\"\" >\n\t\t<div class=\"inner ctb-553209332\" style=\"\"  data-background=\"\">\n\t\t\t\n\t<div class=\"bauer-spacer clearfix\" data-desktop=\"28\" data-mobi=\"28\" data-smobi=\"28\"><\/div><div class=\"bauer-icon-list clearfix style-1\"><div class=\"icon-list-wrap\"><div class=\"line\" style=\"border-width:1px;border-color:0;left:40px;\"><\/div><div class=\"icon-list-item\" style=\"margin-bottom:70px;\"><div class=\"bauer-icon icon-1634847781\" data-icon=\"#ffffff\" data-background=\"#ff0000\"><span class=\"icon\" style=\"font-size:30px;width:80px;border-style:solid;height:80px;border-radius:40px;line-height:80px;\"><i class=\"elegant-icon_document_alt\"><\/i><\/span><\/div><div class=\"text-item\" style=\"min-height:80px;\"><h3 class=\"heading\" style=\"color:#000000;margin:0px 0px 7px 100px;\">Demande de devis<\/h3><div class=\"desc\" style=\"color:#000000;margin:0px 0px 7px 100px;\">Contactez-nous pour avoir un devis sur-mesure<\/div><\/div><\/div><div class=\"icon-list-item\" style=\"margin-bottom:70px;\"><div class=\"bauer-icon icon-563081636\" data-icon=\"#ffffff\" data-background=\"#ff0000\"><span class=\"icon\" style=\"font-size:30px;width:80px;border-style:solid;height:80px;border-radius:40px;line-height:80px;\"><i class=\"elegant-icon_like\"><\/i><\/span><\/div><div class=\"text-item\" style=\"min-height:80px;\"><h3 class=\"heading\" style=\"color:#000000;margin:0px 0px 7px 100px;\">Nous \u00e9tudions votre demande<\/h3><div class=\"desc\" style=\"color:#000000;margin:0px 0px 7px 100px;\">D\u00e9couvrez notre expertise en nettoyage de toiture et ravalement de fa\u00e7ades. Nous analysons votre projet avec pr\u00e9cision pour des prestations sur mesure et impeccables.<\/div><\/div><\/div><div class=\"icon-list-item\" style=\"\"><div class=\"bauer-icon icon-219525325\" data-icon=\"#ffffff\" data-background=\"#ff0000\"><span class=\"icon\" style=\"font-size:30px;width:80px;border-style:solid;height:80px;border-radius:40px;line-height:80px;\"><i class=\"elegant-icon_pin_alt\"><\/i><\/span><\/div><div class=\"text-item\" style=\"min-height:80px;\"><h3 class=\"heading\" style=\"color:#000000;margin:0px 0px 7px 100px;\">Dans l'H\u00e9rault 34<\/h3><div class=\"desc\" style=\"color:#000000;margin:0px 0px 7px 100px;\">Contactez AD Fa\u00e7ade 34 pour un devis gratuit dans l'H\u00e9rault 34 \u00e0 Montpellier<\/div><\/div><\/div><\/div><\/div>\n\t<div class=\"bauer-spacer clearfix\" data-desktop=\"90\" data-mobi=\"60\" data-smobi=\"60\"><\/div>\n\t\t<\/div>\n\t<\/div>[\/vc_column][\/vc_row]<\/p>\n","protected":false},"excerpt":{"rendered":"<p>[vc_row fullwidth=\u00a0\u00bbyes\u00a0\u00bb css=\u00a0\u00bb.vc_custom_1690547426706{background-color: #ff0000 !important;}\u00a0\u00bb][vc_column][\/vc_column][\/vc_row][vc_row row_content_position=\u00a0\u00bbmiddle\u00a0\u00bb row_equal_height=\u00a0\u00bbyes\u00a0\u00bb css=\u00a0\u00bb.vc_custom_1690553452428{background-color: #efefef !important;background-position: center !important;background-repeat: no-repeat !important;background-size: cover !important;}\u00a0\u00bb el_class=\u00a0\u00bbimagefixe\u00a0\u00bb][vc_column width=\u00a0\u00bb2\/3&Prime;][vc_column_text]Dans cet article, nous explorerons le monde du nettoyage de fa\u00e7ade \u00e0 Montpellier. Que vous soyez \u00e0 la recherche d&rsquo;un sp\u00e9cialiste professionnel pour redonner vie \u00e0 votre fa\u00e7ade ou que vous souhaitiez en<\/p>\n","protected":false},"author":1,"featured_media":0,"parent":0,"menu_order":0,"comment_status":"closed","ping_status":"closed","template":"","meta":[],"_links":{"self":[{"href":"https:\/\/www.adfacade34.fr\/facadier\/wp-json\/wp\/v2\/pages\/419"}],"collection":[{"href":"https:\/\/www.adfacade34.fr\/facadier\/wp-json\/wp\/v2\/pages"}],"about":[{"href":"https:\/\/www.adfacade34.fr\/facadier\/wp-json\/wp\/v2\/types\/page"}],"author":[{"embeddable":true,"href":"https:\/\/www.adfacade34.fr\/facadier\/wp-json\/wp\/v2\/users\/1"}],"replies":[{"embeddable":true,"href":"https:\/\/www.adfacade34.fr\/facadier\/wp-json\/wp\/v2\/comments?post=419"}],"version-history":[{"count":19,"href":"https:\/\/www.adfacade34.fr\/facadier\/wp-json\/wp\/v2\/pages\/419\/revisions"}],"predecessor-version":[{"id":550,"href":"https:\/\/www.adfacade34.fr\/facadier\/wp-json\/wp\/v2\/pages\/419\/revisions\/550"}],"wp:attachment":[{"href":"https:\/\/www.adfacade34.fr\/facadier\/wp-json\/wp\/v2\/media?parent=419"}],"curies":[{"name":"wp","href":"https:\/\/api.w.org\/{rel}","templated":true}]}}