{"id":41,"date":"2022-06-22T13:02:03","date_gmt":"2022-06-22T11:02:03","guid":{"rendered":"https:\/\/www.construction-maconnerie.com\/?page_id=41"},"modified":"2023-07-31T15:33:55","modified_gmt":"2023-07-31T13:33:55","slug":"peinture","status":"publish","type":"page","link":"https:\/\/www.adfacade34.fr\/facadier\/peinture\/","title":{"rendered":"Peinture"},"content":{"rendered":"<p>[vc_row row_content_position=\u00a0\u00bbmiddle\u00a0\u00bb row_equal_height=\u00a0\u00bbyes\u00a0\u00bb css=\u00a0\u00bb.vc_custom_1690553452428{background-color: #efefef !important;background-position: center !important;background-repeat: no-repeat !important;background-size: cover !important;}\u00a0\u00bb el_class=\u00a0\u00bbimagefixe\u00a0\u00bb][vc_column width=\u00a0\u00bb1\/4&Prime;][vc_single_image image=\u00a0\u00bb515&Prime; alignment=\u00a0\u00bbcenter\u00a0\u00bb style=\u00a0\u00bbvc_box_shadow_border_circle_2&Prime;]\n\t<div class=\"bauer-spacer clearfix\" data-desktop=\"0\" data-mobi=\"30\" data-smobi=\"30\"><\/div>[\/vc_column][vc_column width=\u00a0\u00bb3\/4&Prime;]<h2 class=\"bauer-text clearfix \" style=\"font-size:28px;line-height:28px;color:#020202;margin-bottom:30px;\"><p><span class=\"font-weight-300\">Entreprise de peinture \u00e0 Montpellier : Des services professionnels pour sublimer vos espaces<br \/>\n<\/span><\/p>\n<\/h2>[vc_empty_space][vc_column_text]Si vous \u00eates \u00e0 la recherche d&rsquo;une <strong>entreprise de peinture \u00e0 Montpellier<\/strong>, ne cherchez pas plus loin. Nous sommes sp\u00e9cialis\u00e9s dans les <strong>travaux de peinture ext\u00e9rieure<\/strong>, de peinture de b\u00e2timent commercial et de peinture de maison ancienne.<\/p>\n<p>Notre \u00e9quipe de peintres professionnels est hautement qualifi\u00e9e et exp\u00e9riment\u00e9e dans tous les aspects de la peinture. Que vous ayez besoin de rafra\u00eechir la fa\u00e7ade de votre entreprise, de donner un coup de neuf \u00e0 votre maison ancienne ou d&#8217;embellir votre espace ext\u00e9rieur, nous avons les comp\u00e9tences n\u00e9cessaires pour r\u00e9aliser un travail de qualit\u00e9.[\/vc_column_text][vc_column_text]Lorsqu&rsquo;il s&rsquo;agit de peinture ext\u00e9rieure, nous comprenons l&rsquo;importance de choisir les bons produits pour r\u00e9sister aux conditions climatiques changeantes. C&rsquo;est pourquoi nous utilisons uniquement des peintures de qualit\u00e9 sup\u00e9rieure, con\u00e7ues pour durer et <strong>prot\u00e9ger vos surfaces ext\u00e9rieures<\/strong> des intemp\u00e9ries.[\/vc_column_text][\/vc_column][\/vc_row][vc_row css=\u00a0\u00bb.vc_custom_1690552631003{background-position: center !important;background-repeat: no-repeat !important;background-size: cover !important;}\u00a0\u00bb el_class=\u00a0\u00bbombre_interne\u00a0\u00bb][vc_column][vc_row_inner][vc_column_inner width=\u00a0\u00bb2\/3&Prime;]<div class=\"bauer-text clearfix \" style=\"\"><p>En plus de la <strong>peinture de fa\u00e7ade<\/strong>, nous sommes \u00e9galement sp\u00e9cialis\u00e9s dans la peinture de boiserie, de volets, de ferronnerie et de fer forg\u00e9. Qu&rsquo;il s&rsquo;agisse de restaurer l&rsquo;aspect neuf de vos volets en bois ou de raviver la beaut\u00e9 de votre ferronnerie, notre \u00e9quipe saura r\u00e9pondre \u00e0 vos besoins avec pr\u00e9cision et professionnalisme.<\/p>\n<p>Nous proposons \u00e9galement des services de<strong> peinture de piscine<\/strong>, adapt\u00e9s aux diff\u00e9rents types de rev\u00eatements. Que vous ayez une piscine en b\u00e9ton, en carrelage ou en r\u00e9sine, nous avons les connaissances n\u00e9cessaires pour appliquer la peinture appropri\u00e9e qui donnera un nouvel \u00e9clat \u00e0 votre espace aquatique.<\/p>\n<\/div>\n\t<div class=\"bauer-spacer clearfix\" data-desktop=\"45\" data-mobi=\"30\" data-smobi=\"30\"><\/div><div class=\"button-wrap icon-right\" style=\"\" ><a href=\"https:\/\/www.adfacade34.fr\/facadier\/demande-de-devis\/\" target=\"_self\" class=\"bauer-button btn-130593203 medium no_icon custom outline solid custom\" style=\"border-width:1px;\"  data-background=\"\" data-border=\"#ff0000\" data-text=\"#020000\" data-text-hover=\"#ff0000\" data-border-hover=\"#000000\">\n\t\t<span style=\"\">DEMANDER UN DEVIS GRATUIT <\/span>\n\t<\/a><\/div>[\/vc_column_inner][vc_column_inner width=\u00a0\u00bb1\/3&Prime;][vc_single_image image=\u00a0\u00bb514&Prime; alignment=\u00a0\u00bbcenter\u00a0\u00bb style=\u00a0\u00bbvc_box_shadow_border_circle_2&Prime;][\/vc_column_inner][\/vc_row_inner][\/vc_column][\/vc_row][vc_row el_class=\u00a0\u00bbombre_interne\u00a0\u00bb][vc_column]<h2 class=\"bauer-text clearfix \" style=\"font-size:38px;line-height:40px;color:#000000;margin-bottom:30px;max-width:700px;\"><p><span class=\"font-weight-300\">R\u00e9ponses aux questions fr\u00e9quemment pos\u00e9es :<br \/>\n<\/span><\/p>\n<\/h2>[vc_column_text]En tant qu&rsquo;entreprise de peinture professionnelle, notre engagement envers la satisfaction de nos clients est primordial. Nous travaillons en \u00e9troite collaboration avec vous pour comprendre vos besoins, vos pr\u00e9f\u00e9rences esth\u00e9tiques et votre budget, afin de r\u00e9aliser des r\u00e9sultats qui d\u00e9passent vos attentes.[\/vc_column_text]\n\t<div class=\"bauer-spacer clearfix\" data-desktop=\"45\" data-mobi=\"30\" data-smobi=\"30\"><\/div>[vc_tta_accordion color=\u00a0\u00bbblack\u00a0\u00bb active_section=\u00a0\u00bb1&Prime;][vc_tta_section title=\u00a0\u00bbQuels types de surfaces pouvez-vous peindre ?\u00a0\u00bb tab_id=\u00a0\u00bb1690538787572-888876f5-ea58&Prime;][vc_column_text]Nous sommes en mesure de peindre tous types de surfaces, qu&rsquo;il s&rsquo;agisse de murs, de plafonds, de boiseries, de volets, de ferronnerie, de fer forg\u00e9 peinture de fa\u00e7ade ou m\u00eame peinture de piscines.[\/vc_column_text][\/vc_tta_section][vc_tta_section title=\u00a0\u00bbUtilisez-vous des produits respectueux de l&rsquo;environnement ?\u00a0\u00bb tab_id=\u00a0\u00bb1690729826035-5d1d7a29-53a0&Prime;][vc_column_text]Oui, nous nous effor\u00e7ons d&rsquo;utiliser des produits respectueux de l&rsquo;environnement autant que possible, tout en garantissant des r\u00e9sultats durables et de qualit\u00e9.[\/vc_column_text][\/vc_tta_section][vc_tta_section title=\u00a0\u00bbCombien de temps faut-il pour r\u00e9aliser un projet de peinture ?\u00a0\u00bb tab_id=\u00a0\u00bb1690729840090-047c7e95-5b43&Prime;][vc_column_text]La dur\u00e9e d&rsquo;un projet de peinture d\u00e9pend de plusieurs facteurs, tels que la taille de la surface \u00e0 peindre, les pr\u00e9paratifs n\u00e9cessaires et les conditions m\u00e9t\u00e9orologiques. Nous \u00e9tablirons un calendrier d\u00e9taill\u00e9 avant le d\u00e9but des travaux pour vous donner une estimation pr\u00e9cise.[\/vc_column_text][\/vc_tta_section][\/vc_tta_accordion]\n\t<div class=\"bauer-spacer clearfix\" data-desktop=\"45\" data-mobi=\"30\" data-smobi=\"30\"><\/div>[vc_column_text]Pour <strong>tous vos besoins en peinture \u00e0 Montpellier,<\/strong> faites confiance \u00e0 notre entreprise de peinture professionnelle. <a href=\"https:\/\/www.adfacade34.fr\/facadier\/nous-contacter\/\">Contactez-nous<\/a> d\u00e8s aujourd&rsquo;hui pour obtenir un devis personnalis\u00e9 et transformer vos espaces en v\u00e9ritables \u0153uvres d&rsquo;art.[\/vc_column_text][\/vc_column][\/vc_row][vc_row css=\u00a0\u00bb.vc_custom_1690553606542{padding-top: 40px !important;padding-bottom: 40px !important;background-color: #efefef !important;}\u00a0\u00bb][vc_column width=\u00a0\u00bb1\/2&Prime;][vc_custom_heading text=\u00a0\u00bbDemande de devis\u00a0\u00bb font_container=\u00a0\u00bbtag:h3|text_align:left|color:%23ff0000&Prime; use_theme_fonts=\u00a0\u00bbyes\u00a0\u00bb]<div role=\"form\" class=\"wpcf7\" id=\"wpcf7-f91-o1\" lang=\"fr-FR\" dir=\"ltr\">\n<div class=\"screen-reader-response\"><p role=\"status\" aria-live=\"polite\" aria-atomic=\"true\"><\/p> <ul><\/ul><\/div>\n<form action=\"\/facadier\/wp-json\/wp\/v2\/pages\/41#wpcf7-f91-o1\" method=\"post\" class=\"wpcf7-form init\" novalidate=\"novalidate\" data-status=\"init\">\n<div style=\"display: none;\">\n<input type=\"hidden\" name=\"_wpcf7\" value=\"91\" \/>\n<input type=\"hidden\" name=\"_wpcf7_version\" value=\"5.5.6.1\" \/>\n<input type=\"hidden\" name=\"_wpcf7_locale\" value=\"fr_FR\" \/>\n<input type=\"hidden\" name=\"_wpcf7_unit_tag\" value=\"wpcf7-f91-o1\" \/>\n<input type=\"hidden\" name=\"_wpcf7_container_post\" value=\"0\" \/>\n<input type=\"hidden\" name=\"_wpcf7_posted_data_hash\" value=\"\" \/>\n<\/div>\n<div class=\"uacf7-form-91\"><span class=\"wpcf7-form-control-wrap nom-prenom\"><input type=\"text\" name=\"nom-prenom\" value=\"\" size=\"40\" class=\"wpcf7-form-control wpcf7-text wpcf7-validates-as-required\" aria-required=\"true\" aria-invalid=\"false\" placeholder=\"Nom \/ Pr\u00e9nom\" \/><\/span><\/p>\n<p><span class=\"wpcf7-form-control-wrap tel\"><input type=\"text\" name=\"tel\" value=\"\" size=\"40\" class=\"wpcf7-form-control wpcf7-text wpcf7-validates-as-required\" aria-required=\"true\" aria-invalid=\"false\" placeholder=\"T\u00e9l\u00e9phone\" \/><\/span><\/p>\n<p><span class=\"wpcf7-form-control-wrap votre-email\"><input type=\"email\" name=\"votre-email\" value=\"\" size=\"40\" class=\"wpcf7-form-control wpcf7-text wpcf7-email wpcf7-validates-as-required wpcf7-validates-as-email\" aria-required=\"true\" aria-invalid=\"false\" placeholder=\"Adresse e-mail\" \/><\/span><\/p>\n<p><span class=\"wpcf7-form-control-wrap votre-message\"><textarea name=\"votre-message\" cols=\"40\" rows=\"2\" class=\"wpcf7-form-control wpcf7-textarea\" aria-invalid=\"false\" placeholder=\"Expliquez-nous votre demande\"><\/textarea><\/span><\/p>\n<p><span class=\"wpcf7-form-control-wrap accepte\"><span class=\"wpcf7-form-control wpcf7-checkbox wpcf7-validates-as-required accepte\"><span class=\"wpcf7-list-item first last\"><input type=\"checkbox\" name=\"accepte[]\" value=\"En soumettant ce formulaire, j&#039;accepte que les informations saisies dans ce formulaire soient utilis\u00e9es, exploit\u00e9es, trait\u00e9es pour permettre de me recontacter dans le cadre de la relation commerciale qui d\u00e9coule de cette prise de contact.*\" \/><span class=\"wpcf7-list-item-label\">En soumettant ce formulaire, j&#039;accepte que les informations saisies dans ce formulaire soient utilis\u00e9es, exploit\u00e9es, trait\u00e9es pour permettre de me recontacter dans le cadre de la relation commerciale qui d\u00e9coule de cette prise de contact.*<\/span><\/span><\/span><\/span><\/p>\n<div id=\"cf7sr-69e5cb8029b3e\" class=\"cf7sr-g-recaptcha\" data-sitekey=\"6LegHz4nAAAAAME0O_tNGWw785S25e1eOxJIt63u\"><\/div><span class=\"wpcf7-form-control-wrap cf7sr-recaptcha\"><input type=\"hidden\" name=\"cf7sr-recaptcha\" value=\"\" class=\"wpcf7-form-control\"><\/span><\/p>\n<p><input type=\"submit\" value=\"Envoyer\" class=\"wpcf7-form-control has-spinner wpcf7-submit\" \/><\/p><\/div>\n<div class=\"wpcf7-response-output\" aria-hidden=\"true\"><\/div><\/form><\/div>\n\t<div class=\"bauer-spacer clearfix\" data-desktop=\"0\" data-mobi=\"0\" data-smobi=\"30\"><\/div>[\/vc_column][vc_column width=\u00a0\u00bb1\/2&Prime;]<div class=\"bauer-content-box clearfix \" data-padding=\"0% 0% 0% 16%\" data-mobipadding=\"0% 0% 0% 0%\" data-margin=\"\" data-mobimargin=\"\" >\n\t\t<div class=\"inner ctb-165292027\" style=\"\"  data-background=\"\">\n\t\t\t\n\t<div class=\"bauer-spacer clearfix\" data-desktop=\"28\" data-mobi=\"28\" data-smobi=\"28\"><\/div><div class=\"bauer-icon-list clearfix style-1\"><div class=\"icon-list-wrap\"><div class=\"line\" style=\"border-width:1px;border-color:0;left:40px;\"><\/div><div class=\"icon-list-item\" style=\"margin-bottom:70px;\"><div class=\"bauer-icon icon-1789755038\" data-icon=\"#ffffff\" data-background=\"#ff0000\"><span class=\"icon\" style=\"font-size:30px;width:80px;border-style:solid;height:80px;border-radius:40px;line-height:80px;\"><i class=\"elegant-icon_document_alt\"><\/i><\/span><\/div><div class=\"text-item\" style=\"min-height:80px;\"><h3 class=\"heading\" style=\"color:#000000;margin:0px 0px 7px 100px;\">Demande de devis<\/h3><div class=\"desc\" style=\"color:#000000;margin:0px 0px 7px 100px;\">Contactez-nous pour avoir un devis sur-mesure<\/div><\/div><\/div><div class=\"icon-list-item\" style=\"margin-bottom:70px;\"><div class=\"bauer-icon icon-1538650217\" data-icon=\"#ffffff\" data-background=\"#ff0000\"><span class=\"icon\" style=\"font-size:30px;width:80px;border-style:solid;height:80px;border-radius:40px;line-height:80px;\"><i class=\"elegant-icon_like\"><\/i><\/span><\/div><div class=\"text-item\" style=\"min-height:80px;\"><h3 class=\"heading\" style=\"color:#000000;margin:0px 0px 7px 100px;\">Nous \u00e9tudions votre demande<\/h3><div class=\"desc\" style=\"color:#000000;margin:0px 0px 7px 100px;\">D\u00e9couvrez notre expertise en nettoyage de toiture et ravalement de fa\u00e7ades. Nous analysons votre projet avec pr\u00e9cision pour des prestations sur mesure et impeccables.<\/div><\/div><\/div><div class=\"icon-list-item\" style=\"\"><div class=\"bauer-icon icon-947550764\" data-icon=\"#ffffff\" data-background=\"#ff0000\"><span class=\"icon\" style=\"font-size:30px;width:80px;border-style:solid;height:80px;border-radius:40px;line-height:80px;\"><i class=\"elegant-icon_pin_alt\"><\/i><\/span><\/div><div class=\"text-item\" style=\"min-height:80px;\"><h3 class=\"heading\" style=\"color:#000000;margin:0px 0px 7px 100px;\">Dans l'H\u00e9rault 34<\/h3><div class=\"desc\" style=\"color:#000000;margin:0px 0px 7px 100px;\">Contactez AD Fa\u00e7ade 34 pour un devis gratuit dans l'H\u00e9rault 34 \u00e0 Montpellier<\/div><\/div><\/div><\/div><\/div>\n\t<div class=\"bauer-spacer clearfix\" data-desktop=\"90\" data-mobi=\"60\" data-smobi=\"60\"><\/div>\n\t\t<\/div>\n\t<\/div>[\/vc_column][\/vc_row]<\/p>\n","protected":false},"excerpt":{"rendered":"<p>[vc_row row_content_position=\u00a0\u00bbmiddle\u00a0\u00bb row_equal_height=\u00a0\u00bbyes\u00a0\u00bb css=\u00a0\u00bb.vc_custom_1690553452428{background-color: #efefef !important;background-position: center !important;background-repeat: no-repeat !important;background-size: cover !important;}\u00a0\u00bb el_class=\u00a0\u00bbimagefixe\u00a0\u00bb][vc_column width=\u00a0\u00bb1\/4&Prime;][vc_single_image image=\u00a0\u00bb515&Prime; alignment=\u00a0\u00bbcenter\u00a0\u00bb style=\u00a0\u00bbvc_box_shadow_border_circle_2&Prime;][\/vc_column][vc_column width=\u00a0\u00bb3\/4&Prime;][vc_empty_space][vc_column_text]Si vous \u00eates \u00e0 la recherche d&rsquo;une entreprise de peinture \u00e0 Montpellier, ne cherchez pas plus loin. Nous sommes sp\u00e9cialis\u00e9s dans les travaux de peinture ext\u00e9rieure, de peinture de b\u00e2timent commercial et de<\/p>\n","protected":false},"author":1,"featured_media":0,"parent":0,"menu_order":0,"comment_status":"closed","ping_status":"closed","template":"","meta":[],"_links":{"self":[{"href":"https:\/\/www.adfacade34.fr\/facadier\/wp-json\/wp\/v2\/pages\/41"}],"collection":[{"href":"https:\/\/www.adfacade34.fr\/facadier\/wp-json\/wp\/v2\/pages"}],"about":[{"href":"https:\/\/www.adfacade34.fr\/facadier\/wp-json\/wp\/v2\/types\/page"}],"author":[{"embeddable":true,"href":"https:\/\/www.adfacade34.fr\/facadier\/wp-json\/wp\/v2\/users\/1"}],"replies":[{"embeddable":true,"href":"https:\/\/www.adfacade34.fr\/facadier\/wp-json\/wp\/v2\/comments?post=41"}],"version-history":[{"count":19,"href":"https:\/\/www.adfacade34.fr\/facadier\/wp-json\/wp\/v2\/pages\/41\/revisions"}],"predecessor-version":[{"id":531,"href":"https:\/\/www.adfacade34.fr\/facadier\/wp-json\/wp\/v2\/pages\/41\/revisions\/531"}],"wp:attachment":[{"href":"https:\/\/www.adfacade34.fr\/facadier\/wp-json\/wp\/v2\/media?parent=41"}],"curies":[{"name":"wp","href":"https:\/\/api.w.org\/{rel}","templated":true}]}}