{"id":13,"date":"2022-06-22T10:53:30","date_gmt":"2022-06-22T08:53:30","guid":{"rendered":"https:\/\/www.construction-maconnerie.com\/?page_id=13"},"modified":"2023-08-10T12:14:04","modified_gmt":"2023-08-10T10:14:04","slug":"annuaires","status":"publish","type":"page","link":"https:\/\/www.adfacade34.fr\/facadier\/annuaires\/","title":{"rendered":"Annuaires"},"content":{"rendered":"<p>[vc_row full_width=\u00a0\u00bbstretch_row\u00a0\u00bb canvas=\u00a0\u00bb%5B%7B%22image_effect%22%3A%22style-1%22%2C%22smoothness%22%3A%2230%22%7D%5D\u00a0\u00bb css=\u00a0\u00bb.vc_custom_1602145607729{padding-top: 40px !important;padding-bottom: 40px !important;background-position: center !important;background-repeat: no-repeat !important;background-size: cover !important;}\u00a0\u00bb][vc_column width=\u00a0\u00bb1\/2&Prime;][vc_column_text]<a href=\"https:\/\/www.indexa.fr\/\">indexa annuaire pro \/ b2b<\/a><br \/>\n<a href=\"http:\/\/annuaire-de-tourisme.com\/\">annuaire tourisme<\/a><br \/>\n<a href=\"http:\/\/generaliste.annugratuit.net\/index.php\">annuaire des sites g\u00e9n\u00e9ralistes<\/a><br \/>\n<a href=\"http:\/\/www.submitcad.com\/\">r\u00e9f\u00e9rencement automatique<\/a><br \/>\n<a href=\"http:\/\/square-annuaire.com\/\">square annuaire<\/a><br \/>\n<a href=\"http:\/\/annuaire-lien-dur.pexiweb.be\/\">annuaire lien dur<\/a><br \/>\n<a href=\"http:\/\/www.bayannuaire.net\/\">bayannuaire<\/a><br \/>\n<a href=\"http:\/\/l-annuaire-gratuit.com\/\">annuaire gratuit<\/a><br \/>\n<a title=\"Formation\" href=\"http:\/\/www.web-fouine.com\/formation\/index.php\">Formation<\/a><br \/>\n<a href=\"http:\/\/1dex.net\/\">annuaire 1dex.net<\/a><br \/>\n<a href=\"http:\/\/www.annuaire-des-voyages.com\/\">annuaire des voyages<\/a><br \/>\n<a href=\"http:\/\/www.meilleurduweb.com\/\">meilleur du web<\/a><br \/>\n<a href=\"http:\/\/bestofwebfrance.free.fr\/\">annuaire gratuit hotels<\/a><br \/>\n<a href=\"http:\/\/www.sterweb.net\/voyage-tourisme\/hotel-gite.html\">voyage-tourisme sur sterweb<\/a><br \/>\n<a href=\"http:\/\/www.allez-go.com\/annuaire\/index.php\">annuaire allez-go<\/a><br \/>\n<a href=\"http:\/\/www.annuaire-en-ligne.com\/reservations-d-hotels-p1-219.html\">annuaire reservations hotels<\/a><br \/>\n<a href=\"http:\/\/www.business.info11.net\/\">annuaire buisness, entreprise<\/a><br \/>\n<a href=\"http:\/\/www.com2net.fr\/voyages-et-tourisme\/hotel,0.html\">annuaire gratuit com2net<\/a><br \/>\n<a href=\"http:\/\/annuaire.pro\/imprimerie\/\">Annuaire.pro Imprimerie<\/a><br \/>\n<a title=\"Informatique\" href=\"http:\/\/www.web-fouine.com\/informatique\/index.php\">Informatique<\/a><br \/>\n<a href=\"http:\/\/www.annubel.com\/\">Annuaire Belge<\/a><br \/>\n<a href=\"http:\/\/www.w3-annuaire.com\">R\u00e9f\u00e9rencement Web<\/a><br \/>\n<a href=\"http:\/\/www.europe-index.com\/\">europe index annuaire generaliste referencement gratuit <\/a>[\/vc_column_text][\/vc_column][vc_column width=\u00a0\u00bb1\/2&Prime;][vc_column_text]<a href=\"http:\/\/www.annuairemariage.fr\/\">annuaire du mariage<\/a><br \/>\n<a href=\"http:\/\/annuaire-sites.danslemonde.net\/index.php\">annuaire sites dans le monde<\/a><br \/>\n<a href=\"https:\/\/www.annu2000.net\/\">annuaire gratuit annu2000<\/a><br \/>\n<a href=\"http:\/\/www.best-fr.com\/hotels-p1-264.html\">annuaire best-fr<\/a><br \/>\n<a href=\"http:\/\/annuaire.audiencestv.com\/\">annuaire tv<\/a><br \/>\n<a href=\"http:\/\/www.annuaire-commercial.com\/\">annuaire commercial<\/a><br \/>\n<a href=\"https:\/\/www.directory-conua.com\/hotels\">hotels : annuaire gratuit<\/a><br \/>\n<a href=\"http:\/\/www.edenlord.net\/\">edenlord<\/a><br \/>\n<a href=\"http:\/\/annuaire.sur-la-toile.net\/hotellerie-restauration-108\/\">Plateforme de blog<\/a><br \/>\n<a href=\"http:\/\/www.compare-le-net.com\/\">Annuaire gratuit compare-le-net.com<\/a><br \/>\n<a href=\"http:\/\/www.annuaire-public.com\/\">Annuaire g\u00e9n\u00e9raliste francophone tout public<\/a><br \/>\n<a href=\"http:\/\/www.easyannuaire.com\/\">Annuaire internet<\/a><br \/>\n<a href=\"http:\/\/ww38.ranking.bordelik.com\/\">RANKING : annuaire des sites internet<\/a><br \/>\n<a href=\"http:\/\/annuaire.pro\/actualite\/\">Annuaire.pro Actualite<\/a><a href=\"http:\/\/www.etula.com\" target=\"_blank\" rel=\"noopener noreferrer\"><br \/>\nEtula &#8211; Annuaire et portail &#8211; Dialogue, Rencontres sur internet<\/a><a href=\"http:\/\/www.etula.com\/autres_actualites_A11_1.html\" target=\"_blank\" rel=\"noopener noreferrer\"><br \/>\nAutres sites sur actualit\ufffds sur Etula<\/a><br \/>\n<a title=\"annuaire\" href=\"http:\/\/www.trouvetoo.net\/\">Annuaire de sites<\/a><br \/>\n<a title=\"Annuaire Web\" href=\"http:\/\/www.kannuaire.com\">Annuaire Web<\/a><br \/>\n<a title=\"Annuaire r\u00e9f\u00e9rencement gratuit\" href=\"https:\/\/www.hannuaire.fr\/\"><img style=\"border: 0;\" src=\"https:\/\/www.hannuaire.fr\/i\/bleu.png\" alt=\"Annuaire web\" \/><\/a>[\/vc_column_text][\/vc_column][\/vc_row][vc_row css=\u00a0\u00bb.vc_custom_1591703005750{padding-bottom: 40px !important;}\u00a0\u00bb][vc_column][vc_column_text]<a title=\"ORION Martigues - Agence de communication Aix en Provence et Marseille - Cr\u00e9ation et Gestion de Sites Internet dans les Bouches du Rh\u00f4ne\" href=\"https:\/\/www.orionweb.fr\/\"><img src=\"https:\/\/www.orionweb.fr\/share\/signature.png\" alt=\"ORION Martigues - Agence de communication Aix en Provence et Marseille - Cr\u00e9ation et Gestion de Sites Internet dans les Bouches du Rh\u00f4ne\" \/>Orion Web Martigues &#8211; Agence de communication Bouches du Rh\u00f4ne<\/a><br \/>\n<a title=\"ORION Martigues - Agence de communication Aix en Provence et Marseille - Cr\u00e9ation et Gestion de Sites Internet dans les Bouches du Rh\u00f4ne\" href=\"https:\/\/www.orion-annuaire.com\/\"><img src=\"https:\/\/www.orionweb.fr\/share\/signature.png\" alt=\"ORION Martigues - Agence de communication Aix en Provence et Marseille - Cr\u00e9ation et Gestion de Sites Internet dans les Bouches du Rh\u00f4ne\" \/>Cr\u00e9ation de Site Internet Marseille Aix en Provence 13<\/a>[\/vc_column_text][\/vc_column][\/vc_row]<\/p>\n","protected":false},"excerpt":{"rendered":"<p>[vc_row full_width=\u00a0\u00bbstretch_row\u00a0\u00bb canvas=\u00a0\u00bb%5B%7B%22image_effect%22%3A%22style-1%22%2C%22smoothness%22%3A%2230%22%7D%5D\u00a0\u00bb css=\u00a0\u00bb.vc_custom_1602145607729{padding-top: 40px !important;padding-bottom: 40px !important;background-position: center !important;background-repeat: no-repeat !important;background-size: cover !important;}\u00a0\u00bb][vc_column width=\u00a0\u00bb1\/2&Prime;][vc_column_text]indexa annuaire pro \/ b2b annuaire tourisme annuaire des sites g\u00e9n\u00e9ralistes r\u00e9f\u00e9rencement automatique square annuaire annuaire lien dur bayannuaire annuaire gratuit Formation annuaire 1dex.net annuaire des voyages meilleur du web annuaire gratuit hotels voyage-tourisme sur sterweb<\/p>\n","protected":false},"author":1,"featured_media":0,"parent":0,"menu_order":0,"comment_status":"closed","ping_status":"closed","template":"","meta":[],"_links":{"self":[{"href":"https:\/\/www.adfacade34.fr\/facadier\/wp-json\/wp\/v2\/pages\/13"}],"collection":[{"href":"https:\/\/www.adfacade34.fr\/facadier\/wp-json\/wp\/v2\/pages"}],"about":[{"href":"https:\/\/www.adfacade34.fr\/facadier\/wp-json\/wp\/v2\/types\/page"}],"author":[{"embeddable":true,"href":"https:\/\/www.adfacade34.fr\/facadier\/wp-json\/wp\/v2\/users\/1"}],"replies":[{"embeddable":true,"href":"https:\/\/www.adfacade34.fr\/facadier\/wp-json\/wp\/v2\/comments?post=13"}],"version-history":[{"count":2,"href":"https:\/\/www.adfacade34.fr\/facadier\/wp-json\/wp\/v2\/pages\/13\/revisions"}],"predecessor-version":[{"id":555,"href":"https:\/\/www.adfacade34.fr\/facadier\/wp-json\/wp\/v2\/pages\/13\/revisions\/555"}],"wp:attachment":[{"href":"https:\/\/www.adfacade34.fr\/facadier\/wp-json\/wp\/v2\/media?parent=13"}],"curies":[{"name":"wp","href":"https:\/\/api.w.org\/{rel}","templated":true}]}}